{"id":1600,"date":"2012-06-14T18:06:36","date_gmt":"2012-06-14T16:06:36","guid":{"rendered":"http:\/\/trafo-m.de\/dianaartus\/?page_id=1600"},"modified":"2018-05-11T19:38:37","modified_gmt":"2018-05-11T17:38:37","slug":"ads-and-buildings-edition-of-galerie-post-dresden","status":"publish","type":"page","link":"http:\/\/trafo-m.de\/dianaartus\/?page_id=1600","title":{"rendered":"Ads and Buildings | Edition of Galerie Post, Dresden"},"content":{"rendered":"<p><a href=\"http:\/\/trafo-m.de\/dianaartus\/wp-content\/uploads\/2012\/06\/ads.jpg\"><img loading=\"lazy\" class=\"alignnone size-full wp-image-1601\" title=\"ads\" src=\"http:\/\/trafo-m.de\/dianaartus\/wp-content\/uploads\/2012\/06\/ads.jpg\" alt=\"\" width=\"550\" height=\"413\" srcset=\"http:\/\/trafo-m.de\/dianaartus\/wp-content\/uploads\/2012\/06\/ads.jpg 550w, http:\/\/trafo-m.de\/dianaartus\/wp-content\/uploads\/2012\/06\/ads-300x225.jpg 300w\" sizes=\"(max-width: 550px) 100vw, 550px\" \/><\/a><\/p>\n<p><strong>Ads and Buildings<\/strong> &#8211; Galerie Post Edition<\/p>\n<p>Seven C-prints in cardboard box with two holes, 11 x 13 cm, 2007 | Edition of 11<br \/>\nSieben C-Prints in Kartonschachtel mit zwei Eingriffl\u00f6chern, 11 x 13 cm, 2007 | Edition von 11<\/p>\n<p>For their gallery edition Galerie Post in Dresden invited 11 artists to fill a little cardboard box. All boxes had the same size and their color was white but it was up to the artist to add something special. I added two holes and filled my box with <a href=\"http:\/\/trafo-m.de\/dianaartus\/?page_id=8\" target=\"_blank\" rel=\"noopener\">seven photographs, taken in Mexico City in 2006<\/a>.<\/p>\n<p>F\u00fcr ihre j\u00e4hrliche Galerie-Edition lud Galerie Post in Dresden 11 K\u00fcnstler ein, eine kleine Kartonschachtel zu f\u00fcllen. Alle Schachteln hatten das gleiche Format und waren wei\u00df, jedoch konnte jeder K\u00fcnstler der Schachtel etwas Individuelles hinzuf\u00fcgen. Ich f\u00fcgte zwei Eingriffl\u00f6cher im Deckel hinzu und bef\u00fcllte meine Schachtel mit <a href=\"http:\/\/trafo-m.de\/dianaartus\/?page_id=8\" target=\"_blank\" rel=\"noopener\">sieben Fotografien, aufgenommen in Mexico City 2006<\/a>.<\/p>\n","protected":false},"excerpt":{"rendered":"<p>Ads and Buildings &#8211; Galerie Post Edition Seven C-prints in cardboard box with two holes, 11 x 13 cm, 2007 | Edition of 11 Sieben C-Prints in Kartonschachtel mit zwei Eingriffl\u00f6chern, 11 x 13 cm, 2007 | Edition von 11 For their gallery edition Galerie Post in Dresden invited 11 artists to fill a little [&hellip;]<\/p>\n","protected":false},"author":2,"featured_media":0,"parent":0,"menu_order":0,"comment_status":"closed","ping_status":"open","template":"","meta":{"ngg_post_thumbnail":0},"_links":{"self":[{"href":"http:\/\/trafo-m.de\/dianaartus\/index.php?rest_route=\/wp\/v2\/pages\/1600"}],"collection":[{"href":"http:\/\/trafo-m.de\/dianaartus\/index.php?rest_route=\/wp\/v2\/pages"}],"about":[{"href":"http:\/\/trafo-m.de\/dianaartus\/index.php?rest_route=\/wp\/v2\/types\/page"}],"author":[{"embeddable":true,"href":"http:\/\/trafo-m.de\/dianaartus\/index.php?rest_route=\/wp\/v2\/users\/2"}],"replies":[{"embeddable":true,"href":"http:\/\/trafo-m.de\/dianaartus\/index.php?rest_route=%2Fwp%2Fv2%2Fcomments&post=1600"}],"version-history":[{"count":6,"href":"http:\/\/trafo-m.de\/dianaartus\/index.php?rest_route=\/wp\/v2\/pages\/1600\/revisions"}],"predecessor-version":[{"id":3349,"href":"http:\/\/trafo-m.de\/dianaartus\/index.php?rest_route=\/wp\/v2\/pages\/1600\/revisions\/3349"}],"wp:attachment":[{"href":"http:\/\/trafo-m.de\/dianaartus\/index.php?rest_route=%2Fwp%2Fv2%2Fmedia&parent=1600"}],"curies":[{"name":"wp","href":"https:\/\/api.w.org\/{rel}","templated":true}]}}